{"id":3,"date":"2020-02-26T16:44:24","date_gmt":"2020-02-26T13:44:24","guid":{"rendered":"https:\/\/wp.asistan34.com\/?page_id=3"},"modified":"2020-07-21T12:21:36","modified_gmt":"2020-07-21T09:21:36","slug":"gizlilik-politikasi","status":"publish","type":"page","link":"https:\/\/wp.asistan34.com\/","title":{"rendered":"Gizlilik Politikas\u0131"},"content":{"rendered":"\n<h2 class=\"wp-block-heading\">Biz kimiz<\/h2>\n\n\n\n<p>Web sitemizin adresi: <a href=\"https:\/\/www.asistan34.com\">https:\/\/www.asistan34.com<\/a><\/p>\n\n\n\n<p>Bu sayfa Asistan34 uygulamas\u0131 i\u00e7in bilgi bankas\u0131d\u0131r.<\/p>\n\n\n\n<p>Asistan Teknoloji\u00a0olarak m\u00fc\u015fterilerimizin ve web site ziyaret\u00e7ilerimizin ki\u015fisel bilgilerini ve gizliliklerini dijital ortamda korumak i\u00e7in ileri teknoloji \u00fcr\u00fcn\u00fc altyap\u0131 a\u011f\u0131n\u0131 geli\u015ftirdik. M\u00fc\u015fteri odakl\u0131 hizmet felsefesi ve yasal y\u00fck\u00fcml\u00fcl\u00fckleri ile edinilen veya saklanan m\u00fc\u015fteri bilgilerinin gizlili\u011fini sa\u011flamay\u0131 a\u015fa\u011f\u0131daki temel kurallar \u00e7er\u00e7evesinde taahh\u00fct etmekteyiz.<\/p>\n\n\n\n<p>Sonraki a\u00e7\u0131klamalar Gizlilik Beyan\u0131 bilgilerinizi nas\u0131l toplad\u0131\u011f\u0131m\u0131z\u0131 ve korudu\u011fumuzu a\u00e7\u0131klamakta. Bir hesap a\u00e7arak ya da web sitemizi kullanarak ya da ziyaret ederek, bu gizlilik beyan\u0131nda taraf\u0131m\u0131zdan a\u00e7\u0131klanan \u015fekilde bilgileriniz tutulur.<\/p>\n\n\n\n<h4 class=\"wp-block-heading\">Ki\u015fisel Bilgilerin Toplanmas\u0131<\/h4>\n\n\n\n<p>T\u00fcm m\u00fc\u015fteri bilgileri g\u00fcvenli bir veri taban\u0131nda tutulmakta olup, kurum \u00e7al\u0131\u015fanlar\u0131n\u0131n eri\u015fim yetkileri yoktur.<\/p>\n\n\n\n<h4 class=\"wp-block-heading\">Ki\u015fisel Bilginin Kullan\u0131m\u0131<\/h4>\n\n\n\n<p>Ki\u015fisel bilgiyi gerekli reg\u00fclasyonlar dahilinde sadece size kaliteli hizmet i\u00e7in kullan\u0131r\u0131z. \u00d6rnek olarak, sizden toplad\u0131\u011f\u0131m\u0131z bilgileri, kimli\u011finizi ve irtibat bilgilerinizi do\u011frulamak i\u00e7in, bu bilgiler ile ticari hesab\u0131n\u0131z\u0131 olu\u015fturmak ve tan\u0131tmak, bir hesap numaras\u0131 ve g\u00fcvenlik \u015fifresi olu\u015fturmak, hesap hareketlili\u011fini devam ettirmek ve sizinle hesab\u0131n\u0131z hakk\u0131nda ileti\u015fim kurmak i\u00e7in kullanabiliriz. Bu bilgiler hizmetimizi geli\u015ftirmek, ara\u015ft\u0131rma deneyiminize al\u0131\u015fmak ve ilgilenebilece\u011finiz ek \u00fcr\u00fcnler, hizmetler ve promosyonlar hakk\u0131nda sizi bilgilendirmek i\u00e7inde kullan\u0131labilir.<\/p>\n\n\n\n<h4 class=\"wp-block-heading\">Kat\u0131l\u0131mc\u0131 Olmayan \u00dc\u00e7\u00fcnc\u00fc \u015eah\u0131slar<\/h4>\n\n\n\n<p>A\u015fa\u011f\u0131da a\u00e7\u0131klanan d\u0131\u015f\u0131nda, hi\u00e7bir sebeple, hi\u00e7bir \u00fc\u00e7\u00fcnc\u00fc \u015fah\u0131sla, ki\u015fisel bilgilerinizi payla\u015fmay\u0131z. Kanun d\u00fczenlemeleri, yasa zorunluluklar\u0131 ya da h\u00fck\u00fcmet otoritesi gerekti\u011fi yerde ki\u015fisel bilgilerinizi \u00fc\u00e7\u00fcnc\u00fc \u015fah\u0131slara a\u00e7\u0131klama haklar\u0131n\u0131 sakl\u0131 tutar\u0131z. Ayr\u0131ca \u015eirketin baz\u0131 i\u015flerinin y\u00fcr\u00fct\u00fclmesi i\u00e7in \u00fc\u00e7\u00fcnc\u00fc ki\u015filerle yap\u0131lan s\u00f6zle\u015fmelerde kar\u015f\u0131l\u0131kl\u0131 olarak gizlilik hususu belirtilir.<\/p>\n\n\n\n<h4 class=\"wp-block-heading\">\u2018Cookies\u2019 in Kullan\u0131m\u0131<\/h4>\n\n\n\n<p>Cookies \u2018i ticari aktivitelerinizi g\u00fcvence alt\u0131na almak ve web sitemizin performans\u0131n\u0131 artt\u0131rmakta bize yard\u0131mc\u0131 olmas\u0131 i\u00e7in kulland\u0131\u011f\u0131m\u0131z teknik \u00f6zelliktir. ( Cookies web servisi taraf\u0131ndan bilgisayar\u0131n\u0131za g\u00f6nderilen k\u00fc\u00e7\u00fck metin dosyalar\u0131d\u0131r.) Taraf\u0131m\u0131zdan kullan\u0131lan Cookies ne ki\u015fisel ne de hesap ya da \u015fifre bilgisi i\u00e7erir. Onlar sadece siteye hen\u00fcz yeni ba\u011flanan birinden gelen talep sayfas\u0131n\u0131 tan\u0131mlamay\u0131 sa\u011flar.<\/p>\n\n\n\n<p>Web sitemizi y\u00f6netmek ve geli\u015ftirmek i\u00e7in, sayfa taleplerini, form taleplerini ve ba\u015far\u0131 y\u00f6ntemlerini i\u00e7eren istatistiksel hacimli bilgi ve kullan\u0131m\u0131 \u00e7\u00f6z\u00fcmlemek ve izlemek i\u00e7in \u00fc\u00e7\u00fcnc\u00fc parti yaz\u0131l\u0131mlar ya da hizmetler kullanabiliriz. Bu cookie\u2019 ler hi\u00e7bir ki\u015fisel tan\u0131mlama bilgisi i\u00e7ermez.<\/p>\n\n\n\n<h4 class=\"wp-block-heading\">Mesajlar<\/h4>\n\n\n\n<p>\u00d6zel bir hizmet i\u00e7in g\u00f6nderilmedi\u011fi takdirde, bilgi, veri, sorular, yorumlar, ya da \u00f6nerileri (sizin \u2018mesajlar\u0131n\u0131z\u0131\u2019 ) i\u00e7eren, hizmet do\u011frultusunda iletilen ya da bir ileti\u015fim veya bir \u00e7e\u015fit e-posta mesajlar kategorisine girmektedir.<\/p>\n\n\n\n<p>Bu anla\u015fmay\u0131 kabul ederek, size hi\u00e7bir sorumluluk ve zorunluluk vermeden, web sitede ya da ba\u015fka bir yerde, uygun oldu\u011funu d\u00fc\u015f\u00fcnd\u00fc\u011f\u00fcm\u00fcz herhangi bir yerde mesajlar\u0131n\u0131z\u0131n kullan\u0131m hakk\u0131n\u0131 bize vermi\u015f olursunuz.<\/p>\n\n\n\n<p>Mesajlar\u0131n\u0131z\u0131 daha iyi m\u00fc\u015fteri memnuniyeti ve daha verimli bir i\u015flem altyap\u0131s\u0131 sunmak amac\u0131yla sadece \u015firket yetkilileri taraf\u0131ndan g\u00f6zden ge\u00e7irmek ve saklamak i\u00e7in kullanabiliriz. Hi\u00e7bir \u015fekilde kurum d\u0131\u015f\u0131 yetkisiz ki\u015filer ile payla\u015f\u0131lmaz.<\/p>\n\n\n\n<h4 class=\"wp-block-heading\">Gizlilik Beyan\u0131nda De\u011fi\u015fmeler<\/h4>\n\n\n\n<p>Zaman zaman, bu Gizlilik Beyan\u0131nda g\u00fcn\u00fcn gereksinimleri, m\u00fc\u015fteri memnuniyeti ve kanuni sebeblerden dolay\u0131 g\u00fcncellemeler yapabiliriz. Gizlilik Beyan\u0131n\u0131n de\u011fi\u015fmesi durumunda, de\u011fi\u015fen Gizlilik Beyan\u0131 hemen web sitesi \u00fczerinden yay\u0131nlan\u0131r ve web sitelerimizde bu gibi de\u011fi\u015fikliklerin bilgisini a\u00e7\u0131klayan duyuru yap\u0131l\u0131r. Gizlilik Anla\u015fmas\u0131 \u00fczerinde herhangi bir tart\u0131\u015fma, m\u00fc\u015fteri anla\u015fmam\u0131za ve bu bildiriye ba\u011fl\u0131 olarak olu\u015fur. Size, sitemizi kullanarak ne bilgilerinizin sakland\u0131\u011f\u0131 ve kullan\u0131ld\u0131\u011f\u0131 hakk\u0131nda her zaman bilgil sahibi olman\u0131z i\u00e7in i\u00e7in gerekli her t\u00fcrl\u00fc deste\u011fi sa\u011fl\u0131yoruz. E\u011fer bu bildirinin adresi olmamas\u0131 konusunda sorular\u0131n\u0131z varsa l\u00fctfen bize a\u015fag\u0131da tan\u0131mlanan yollardan ileti\u015fim i\u00e7inde olunuz.<\/p>\n\n\n\n<p>Asistan Teknoloji&nbsp;ile&nbsp;<a href=\"mailto:info@asistan34.com\">info@asistan34.com<\/a>&nbsp;ve&nbsp;0 212 805 0805 \u00fczerinden temas kurabilirsiniz.<\/p>\n\n\n\n<h2 class=\"wp-block-heading\">\u0130leti\u015fim bilgileriniz<\/h2>\n\n\n\n\n<div class=\"wpcf7 no-js\" id=\"wpcf7-f201-o1\" lang=\"tr-TR\" dir=\"ltr\" data-wpcf7-id=\"201\">\n<div class=\"screen-reader-response\"><p role=\"status\" aria-live=\"polite\" aria-atomic=\"true\"><\/p> <ul><\/ul><\/div>\n<form action=\"\/index.php?rest_route=%2Fwp%2Fv2%2Fpages%2F3#wpcf7-f201-o1\" method=\"post\" class=\"wpcf7-form init\" aria-label=\"\u0130leti\u015fim Formu\" novalidate=\"novalidate\" data-status=\"init\">\n<fieldset class=\"hidden-fields-container\"><input type=\"hidden\" name=\"_wpcf7\" value=\"201\" \/><input type=\"hidden\" name=\"_wpcf7_version\" value=\"6.1.2\" \/><input type=\"hidden\" name=\"_wpcf7_locale\" value=\"tr_TR\" \/><input type=\"hidden\" name=\"_wpcf7_unit_tag\" value=\"wpcf7-f201-o1\" \/><input type=\"hidden\" name=\"_wpcf7_container_post\" value=\"0\" \/><input type=\"hidden\" name=\"_wpcf7_posted_data_hash\" value=\"\" \/><input type=\"hidden\" name=\"_wpcf7_recaptcha_response\" value=\"\" \/>\n<\/fieldset>\n<p><span class=\"wpcf7-form-control-wrap\" data-name=\"text-625\"><input size=\"40\" maxlength=\"400\" class=\"wpcf7-form-control wpcf7-text wpcf7-validates-as-required\" aria-required=\"true\" aria-invalid=\"false\" placeholder=\"Ad\u0131n\u0131z (gerekli)\" value=\"\" type=\"text\" name=\"text-625\" \/><\/span><br \/>\n<span class=\"wpcf7-form-control-wrap\" data-name=\"email-554\"><input size=\"40\" maxlength=\"400\" class=\"wpcf7-form-control wpcf7-email wpcf7-validates-as-required wpcf7-text wpcf7-validates-as-email\" aria-required=\"true\" aria-invalid=\"false\" placeholder=\"E-Posta Adresiniz (gerekli)\" value=\"\" type=\"email\" name=\"email-554\" \/><\/span><br \/>\n<span class=\"wpcf7-form-control-wrap\" data-name=\"text-190\"><input size=\"40\" maxlength=\"400\" class=\"wpcf7-form-control wpcf7-text wpcf7-validates-as-required\" aria-required=\"true\" aria-invalid=\"false\" placeholder=\"Konu\" value=\"\" type=\"text\" name=\"text-190\" \/><\/span><br \/>\n<span class=\"wpcf7-form-control-wrap\" data-name=\"textarea-729\"><textarea cols=\"40\" rows=\"10\" maxlength=\"2000\" class=\"wpcf7-form-control wpcf7-textarea wpcf7-validates-as-required\" aria-required=\"true\" aria-invalid=\"false\" placeholder=\"\u0130letiniz\" name=\"textarea-729\"><\/textarea><\/span><br \/>\n<input class=\"wpcf7-form-control wpcf7-submit has-spinner\" type=\"submit\" value=\"G\u00f6nder\" \/>\n<\/p><div class=\"wpcf7-response-output\" aria-hidden=\"true\"><\/div>\n<\/form>\n<\/div>\n\n","protected":false},"excerpt":{"rendered":"<p>Biz kimiz Web sitemizin adresi: https:\/\/www.asistan34.com Bu sayfa Asistan34 uygulamas\u0131 i\u00e7in bilgi bankas\u0131d\u0131r. Asistan Teknoloji\u00a0olarak m\u00fc\u015fterilerimizin ve web site ziyaret\u00e7ilerimizin [&hellip;]<\/p>\n","protected":false},"author":1,"featured_media":0,"parent":0,"menu_order":1,"comment_status":"closed","ping_status":"open","template":"","meta":{"footnotes":""},"class_list":["post-3","page","type-page","status-publish","hentry"],"_links":{"self":[{"href":"https:\/\/wp.asistan34.com\/index.php?rest_route=\/wp\/v2\/pages\/3","targetHints":{"allow":["GET"]}}],"collection":[{"href":"https:\/\/wp.asistan34.com\/index.php?rest_route=\/wp\/v2\/pages"}],"about":[{"href":"https:\/\/wp.asistan34.com\/index.php?rest_route=\/wp\/v2\/types\/page"}],"author":[{"embeddable":true,"href":"https:\/\/wp.asistan34.com\/index.php?rest_route=\/wp\/v2\/users\/1"}],"replies":[{"embeddable":true,"href":"https:\/\/wp.asistan34.com\/index.php?rest_route=%2Fwp%2Fv2%2Fcomments&post=3"}],"version-history":[{"count":7,"href":"https:\/\/wp.asistan34.com\/index.php?rest_route=\/wp\/v2\/pages\/3\/revisions"}],"predecessor-version":[{"id":469,"href":"https:\/\/wp.asistan34.com\/index.php?rest_route=\/wp\/v2\/pages\/3\/revisions\/469"}],"wp:attachment":[{"href":"https:\/\/wp.asistan34.com\/index.php?rest_route=%2Fwp%2Fv2%2Fmedia&parent=3"}],"curies":[{"name":"wp","href":"https:\/\/api.w.org\/{rel}","templated":true}]}}